{"id":31,"date":"2022-09-21T14:51:43","date_gmt":"2022-09-21T13:51:43","guid":{"rendered":"https:\/\/www.visitkorppoo.fi\/?page_id=31"},"modified":"2026-02-18T13:10:00","modified_gmt":"2026-02-18T11:10:00","slug":"services-page","status":"publish","type":"page","link":"https:\/\/visitkorppoo.fi\/en\/tjanster\/","title":{"rendered":"Services"},"content":{"rendered":"","protected":false},"excerpt":{"rendered":"","protected":false},"author":1,"featured_media":0,"parent":0,"menu_order":0,"comment_status":"closed","ping_status":"closed","template":"","meta":{"_acf_changed":false,"_seopress_robots_primary_cat":"","_seopress_titles_title":"%%post_title%% %%sep%% en liten \u00f6 med (n\u00e4stan) allt du beh\u00f6ver!","_seopress_titles_desc":"Livsmedel, h\u00e4lsov\u00e5rd, apotek, taxi, br\u00e4nsle,- och laddningsstationer, hamnar etc. P\u00e5 den h\u00e4r sidan hittar du de grundl\u00e4ggande tj\u00e4nsterna som finns i Korpo","_seopress_robots_index":"","uix_meta_title":"","uix_meta_description":"","uix_canonical_url":"","footnotes":""},"rightplace-folders":[],"page-categories":[],"class_list":["post-31","page","type-page","status-publish","hentry"],"acf":[],"_links":{"self":[{"href":"https:\/\/visitkorppoo.fi\/en\/wp-json\/wp\/v2\/pages\/31","targetHints":{"allow":["GET"]}}],"collection":[{"href":"https:\/\/visitkorppoo.fi\/en\/wp-json\/wp\/v2\/pages"}],"about":[{"href":"https:\/\/visitkorppoo.fi\/en\/wp-json\/wp\/v2\/types\/page"}],"author":[{"embeddable":true,"href":"https:\/\/visitkorppoo.fi\/en\/wp-json\/wp\/v2\/users\/1"}],"replies":[{"embeddable":true,"href":"https:\/\/visitkorppoo.fi\/en\/wp-json\/wp\/v2\/comments?post=31"}],"version-history":[{"count":7,"href":"https:\/\/visitkorppoo.fi\/en\/wp-json\/wp\/v2\/pages\/31\/revisions"}],"predecessor-version":[{"id":9467,"href":"https:\/\/visitkorppoo.fi\/en\/wp-json\/wp\/v2\/pages\/31\/revisions\/9467"}],"wp:attachment":[{"href":"https:\/\/visitkorppoo.fi\/en\/wp-json\/wp\/v2\/media?parent=31"}],"wp:term":[{"taxonomy":"rightplace_folder","embeddable":true,"href":"https:\/\/visitkorppoo.fi\/en\/wp-json\/wp\/v2\/rightplace-folders?post=31"},{"taxonomy":"rightplace_page_category","embeddable":true,"href":"https:\/\/visitkorppoo.fi\/en\/wp-json\/wp\/v2\/page-categories?post=31"}],"curies":[{"name":"wp","href":"https:\/\/api.w.org\/{rel}","templated":true}]}}